{"id":4268,"date":"2021-07-05T00:07:14","date_gmt":"2021-07-05T00:07:14","guid":{"rendered":"https:\/\/lessentiers.ca\/boise-mise-en-terre-urnes\/"},"modified":"2021-11-25T19:01:00","modified_gmt":"2021-11-25T19:01:00","slug":"boise-interment-urns","status":"publish","type":"page","link":"https:\/\/lessentiers.ca\/en\/boise-interment-urns\/","title":{"rendered":"Le Bois\u00e9"},"content":{"rendered":"<p><img loading=\"lazy\" decoding=\"async\" class=\"alignnone size-full wp-image-269\" src=\"https:\/\/lessentiers.ca\/wp-content\/uploads\/2021\/05\/papillon-2@2x.png\" alt=\"\" width=\"150\" height=\"146\" \/><\/p>\n<h1>Le Bois\u00e9, in the very heart of Les Sentiers, where the interment of urns can be performed at the foot of a tree<\/h1>\n<p>It is the area of our cemetery where nature is most untouched, where our focus on a low environmental impact is most visible. The interment of ashes can be performed in certain spots at the base of existing or newly planted trees.<\/p>\n<p>This nature-filled area is home to thousands of trees which create a wonderful shaded, calm space. It is also home to a variety of species of birds and wild animals, including woodpeckers, ducks, owls, deer, beavers, skunks, foxes, raccoons, fishers, squirrels, chipmunks, groundhogs, etc.<\/p>\n<p>This large area is dotted with benches and features small intersections leading to side paths. The perfect place to get lost in one\u2019s thoughts, meditate or simply remember.<\/p>\n<p>You\u2019ll also find here and there in Le Bois\u00e9 more discrete family plots where loved ones can visit in total intimacy and where future generations can find their eternal resting place.<\/p>\n","protected":false},"excerpt":{"rendered":"<p>Le Bois\u00e9, in the very heart of Les Sentiers, where the interment of urns can be performed at the foot of a tree It is the area of our cemetery where nature is most untouched, where our focus on a low environmental impact is most visible. The interment of ashes can be performed in certain [&hellip;]<\/p>\n","protected":false},"author":1,"featured_media":0,"parent":0,"menu_order":0,"comment_status":"closed","ping_status":"closed","template":"page-service.php","meta":{"_acf_changed":false,"footnotes":""},"class_list":["post-4268","page","type-page","status-publish","hentry"],"acf":[],"yoast_head":"<!-- This site is optimized with the Yoast SEO plugin v27.4 - https:\/\/yoast.com\/product\/yoast-seo-wordpress\/ -->\n<title>Le Bois\u00e9: Interment of urns | Pr\u00e9vost Cemetery | Les Sentiers<\/title>\n<meta name=\"description\" content=\"Located in the natural cemetery Les Sentiers in Pr\u00e9vost in the Laurentians, Le Bois\u00e9 is perfect for the interment of urns at the base of a tree.\" \/>\n<meta name=\"robots\" content=\"index, follow, max-snippet:-1, max-image-preview:large, max-video-preview:-1\" \/>\n<link rel=\"canonical\" href=\"https:\/\/lessentiers.ca\/en\/boise-interment-urns\/\" \/>\n<meta property=\"og:locale\" content=\"en_US\" \/>\n<meta property=\"og:type\" content=\"article\" \/>\n<meta property=\"og:title\" content=\"Le Bois\u00e9: Interment of urns | Pr\u00e9vost Cemetery | Les Sentiers\" \/>\n<meta property=\"og:description\" content=\"Located in the natural cemetery Les Sentiers in Pr\u00e9vost in the Laurentians, Le Bois\u00e9 is perfect for the interment of urns at the base of a tree.\" \/>\n<meta property=\"og:url\" content=\"https:\/\/lessentiers.ca\/en\/boise-interment-urns\/\" \/>\n<meta property=\"og:site_name\" content=\"Les Sentiers\" \/>\n<meta property=\"article:modified_time\" content=\"2021-11-25T19:01:00+00:00\" \/>\n<meta property=\"og:image\" content=\"https:\/\/lessentiers.ca\/wp-content\/uploads\/2021\/05\/papillon-2@2x.png\" \/>\n<meta name=\"twitter:card\" content=\"summary_large_image\" \/>\n<meta name=\"twitter:label1\" content=\"Est. reading time\" \/>\n\t<meta name=\"twitter:data1\" content=\"1 minute\" \/>\n<script type=\"application\/ld+json\" class=\"yoast-schema-graph\">{\"@context\":\"https:\\\/\\\/schema.org\",\"@graph\":[{\"@type\":\"WebPage\",\"@id\":\"https:\\\/\\\/lessentiers.ca\\\/en\\\/boise-interment-urns\\\/\",\"url\":\"https:\\\/\\\/lessentiers.ca\\\/en\\\/boise-interment-urns\\\/\",\"name\":\"Le Bois\u00e9: Interment of urns | Pr\u00e9vost Cemetery | Les Sentiers\",\"isPartOf\":{\"@id\":\"https:\\\/\\\/lessentiers.ca\\\/#website\"},\"primaryImageOfPage\":{\"@id\":\"https:\\\/\\\/lessentiers.ca\\\/en\\\/boise-interment-urns\\\/#primaryimage\"},\"image\":{\"@id\":\"https:\\\/\\\/lessentiers.ca\\\/en\\\/boise-interment-urns\\\/#primaryimage\"},\"thumbnailUrl\":\"https:\\\/\\\/lessentiers.ca\\\/wp-content\\\/uploads\\\/2021\\\/05\\\/papillon-2@2x.png\",\"datePublished\":\"2021-07-05T00:07:14+00:00\",\"dateModified\":\"2021-11-25T19:01:00+00:00\",\"description\":\"Located in the natural cemetery Les Sentiers in Pr\u00e9vost in the Laurentians, Le Bois\u00e9 is perfect for the interment of urns at the base of a tree.\",\"breadcrumb\":{\"@id\":\"https:\\\/\\\/lessentiers.ca\\\/en\\\/boise-interment-urns\\\/#breadcrumb\"},\"inLanguage\":\"en-US\",\"potentialAction\":[{\"@type\":\"ReadAction\",\"target\":[\"https:\\\/\\\/lessentiers.ca\\\/en\\\/boise-interment-urns\\\/\"]}]},{\"@type\":\"ImageObject\",\"inLanguage\":\"en-US\",\"@id\":\"https:\\\/\\\/lessentiers.ca\\\/en\\\/boise-interment-urns\\\/#primaryimage\",\"url\":\"https:\\\/\\\/lessentiers.ca\\\/wp-content\\\/uploads\\\/2021\\\/05\\\/papillon-2@2x.png\",\"contentUrl\":\"https:\\\/\\\/lessentiers.ca\\\/wp-content\\\/uploads\\\/2021\\\/05\\\/papillon-2@2x.png\"},{\"@type\":\"BreadcrumbList\",\"@id\":\"https:\\\/\\\/lessentiers.ca\\\/en\\\/boise-interment-urns\\\/#breadcrumb\",\"itemListElement\":[{\"@type\":\"ListItem\",\"position\":1,\"name\":\"Accueil\",\"item\":\"https:\\\/\\\/lessentiers.ca\\\/en\\\/\"},{\"@type\":\"ListItem\",\"position\":2,\"name\":\"Le Bois\u00e9\"}]},{\"@type\":\"WebSite\",\"@id\":\"https:\\\/\\\/lessentiers.ca\\\/#website\",\"url\":\"https:\\\/\\\/lessentiers.ca\\\/\",\"name\":\"Les Sentiers\",\"description\":\"\",\"publisher\":{\"@id\":\"https:\\\/\\\/lessentiers.ca\\\/#organization\"},\"potentialAction\":[{\"@type\":\"SearchAction\",\"target\":{\"@type\":\"EntryPoint\",\"urlTemplate\":\"https:\\\/\\\/lessentiers.ca\\\/?s={search_term_string}\"},\"query-input\":{\"@type\":\"PropertyValueSpecification\",\"valueRequired\":true,\"valueName\":\"search_term_string\"}}],\"inLanguage\":\"en-US\"},{\"@type\":\"Organization\",\"@id\":\"https:\\\/\\\/lessentiers.ca\\\/#organization\",\"name\":\"Les Sentiers\",\"url\":\"https:\\\/\\\/lessentiers.ca\\\/\",\"logo\":{\"@type\":\"ImageObject\",\"inLanguage\":\"en-US\",\"@id\":\"https:\\\/\\\/lessentiers.ca\\\/#\\\/schema\\\/logo\\\/image\\\/\",\"url\":\"https:\\\/\\\/lessentiers.ca\\\/wp-content\\\/uploads\\\/2021\\\/05\\\/Les-Sentiers-logo-1.svg\",\"contentUrl\":\"https:\\\/\\\/lessentiers.ca\\\/wp-content\\\/uploads\\\/2021\\\/05\\\/Les-Sentiers-logo-1.svg\",\"width\":319,\"height\":208,\"caption\":\"Les Sentiers\"},\"image\":{\"@id\":\"https:\\\/\\\/lessentiers.ca\\\/#\\\/schema\\\/logo\\\/image\\\/\"}}]}<\/script>\n<!-- \/ Yoast SEO plugin. -->","yoast_head_json":{"title":"Le Bois\u00e9: Interment of urns | Pr\u00e9vost Cemetery | Les Sentiers","description":"Located in the natural cemetery Les Sentiers in Pr\u00e9vost in the Laurentians, Le Bois\u00e9 is perfect for the interment of urns at the base of a tree.","robots":{"index":"index","follow":"follow","max-snippet":"max-snippet:-1","max-image-preview":"max-image-preview:large","max-video-preview":"max-video-preview:-1"},"canonical":"https:\/\/lessentiers.ca\/en\/boise-interment-urns\/","og_locale":"en_US","og_type":"article","og_title":"Le Bois\u00e9: Interment of urns | Pr\u00e9vost Cemetery | Les Sentiers","og_description":"Located in the natural cemetery Les Sentiers in Pr\u00e9vost in the Laurentians, Le Bois\u00e9 is perfect for the interment of urns at the base of a tree.","og_url":"https:\/\/lessentiers.ca\/en\/boise-interment-urns\/","og_site_name":"Les Sentiers","article_modified_time":"2021-11-25T19:01:00+00:00","og_image":[{"url":"https:\/\/lessentiers.ca\/wp-content\/uploads\/2021\/05\/papillon-2@2x.png","type":"","width":"","height":""}],"twitter_card":"summary_large_image","twitter_misc":{"Est. reading time":"1 minute"},"schema":{"@context":"https:\/\/schema.org","@graph":[{"@type":"WebPage","@id":"https:\/\/lessentiers.ca\/en\/boise-interment-urns\/","url":"https:\/\/lessentiers.ca\/en\/boise-interment-urns\/","name":"Le Bois\u00e9: Interment of urns | Pr\u00e9vost Cemetery | Les Sentiers","isPartOf":{"@id":"https:\/\/lessentiers.ca\/#website"},"primaryImageOfPage":{"@id":"https:\/\/lessentiers.ca\/en\/boise-interment-urns\/#primaryimage"},"image":{"@id":"https:\/\/lessentiers.ca\/en\/boise-interment-urns\/#primaryimage"},"thumbnailUrl":"https:\/\/lessentiers.ca\/wp-content\/uploads\/2021\/05\/papillon-2@2x.png","datePublished":"2021-07-05T00:07:14+00:00","dateModified":"2021-11-25T19:01:00+00:00","description":"Located in the natural cemetery Les Sentiers in Pr\u00e9vost in the Laurentians, Le Bois\u00e9 is perfect for the interment of urns at the base of a tree.","breadcrumb":{"@id":"https:\/\/lessentiers.ca\/en\/boise-interment-urns\/#breadcrumb"},"inLanguage":"en-US","potentialAction":[{"@type":"ReadAction","target":["https:\/\/lessentiers.ca\/en\/boise-interment-urns\/"]}]},{"@type":"ImageObject","inLanguage":"en-US","@id":"https:\/\/lessentiers.ca\/en\/boise-interment-urns\/#primaryimage","url":"https:\/\/lessentiers.ca\/wp-content\/uploads\/2021\/05\/papillon-2@2x.png","contentUrl":"https:\/\/lessentiers.ca\/wp-content\/uploads\/2021\/05\/papillon-2@2x.png"},{"@type":"BreadcrumbList","@id":"https:\/\/lessentiers.ca\/en\/boise-interment-urns\/#breadcrumb","itemListElement":[{"@type":"ListItem","position":1,"name":"Accueil","item":"https:\/\/lessentiers.ca\/en\/"},{"@type":"ListItem","position":2,"name":"Le Bois\u00e9"}]},{"@type":"WebSite","@id":"https:\/\/lessentiers.ca\/#website","url":"https:\/\/lessentiers.ca\/","name":"Les Sentiers","description":"","publisher":{"@id":"https:\/\/lessentiers.ca\/#organization"},"potentialAction":[{"@type":"SearchAction","target":{"@type":"EntryPoint","urlTemplate":"https:\/\/lessentiers.ca\/?s={search_term_string}"},"query-input":{"@type":"PropertyValueSpecification","valueRequired":true,"valueName":"search_term_string"}}],"inLanguage":"en-US"},{"@type":"Organization","@id":"https:\/\/lessentiers.ca\/#organization","name":"Les Sentiers","url":"https:\/\/lessentiers.ca\/","logo":{"@type":"ImageObject","inLanguage":"en-US","@id":"https:\/\/lessentiers.ca\/#\/schema\/logo\/image\/","url":"https:\/\/lessentiers.ca\/wp-content\/uploads\/2021\/05\/Les-Sentiers-logo-1.svg","contentUrl":"https:\/\/lessentiers.ca\/wp-content\/uploads\/2021\/05\/Les-Sentiers-logo-1.svg","width":319,"height":208,"caption":"Les Sentiers"},"image":{"@id":"https:\/\/lessentiers.ca\/#\/schema\/logo\/image\/"}}]}},"_links":{"self":[{"href":"https:\/\/lessentiers.ca\/en\/wp-json\/wp\/v2\/pages\/4268","targetHints":{"allow":["GET"]}}],"collection":[{"href":"https:\/\/lessentiers.ca\/en\/wp-json\/wp\/v2\/pages"}],"about":[{"href":"https:\/\/lessentiers.ca\/en\/wp-json\/wp\/v2\/types\/page"}],"author":[{"embeddable":true,"href":"https:\/\/lessentiers.ca\/en\/wp-json\/wp\/v2\/users\/1"}],"replies":[{"embeddable":true,"href":"https:\/\/lessentiers.ca\/en\/wp-json\/wp\/v2\/comments?post=4268"}],"version-history":[{"count":2,"href":"https:\/\/lessentiers.ca\/en\/wp-json\/wp\/v2\/pages\/4268\/revisions"}],"predecessor-version":[{"id":5548,"href":"https:\/\/lessentiers.ca\/en\/wp-json\/wp\/v2\/pages\/4268\/revisions\/5548"}],"wp:attachment":[{"href":"https:\/\/lessentiers.ca\/en\/wp-json\/wp\/v2\/media?parent=4268"}],"curies":[{"name":"wp","href":"https:\/\/api.w.org\/{rel}","templated":true}]}}