{"id":4270,"date":"2021-07-05T00:08:18","date_gmt":"2021-07-05T00:08:18","guid":{"rendered":"https:\/\/lessentiers.ca\/clairiere-inhumation-cendres-au-pied-arbre\/"},"modified":"2021-11-25T19:01:22","modified_gmt":"2021-11-25T19:01:22","slug":"clairiere-interment-of-ashes-base-of-tree","status":"publish","type":"page","link":"https:\/\/lessentiers.ca\/en\/clairiere-interment-of-ashes-base-of-tree\/","title":{"rendered":"La Clairi\u00e8re"},"content":{"rendered":"<p><img loading=\"lazy\" decoding=\"async\" class=\"alignnone size-full wp-image-269\" src=\"https:\/\/lessentiers.ca\/wp-content\/uploads\/2021\/05\/papillon-2@2x.png\" alt=\"\" width=\"150\" height=\"146\" \/><\/p>\n<h1>La Clairi\u00e8re: a well-positioned area where the interment of urns can be performed near newly planted trees<\/h1>\n<p>It is located near the river and many new trees are planted here every year. The interment of ashes can be done at the base of these new trees.<\/p>\n<p>You can even choose the type of tree from our wonderful list of tree species that we compiled especially for this type of service.<\/p>\n","protected":false},"excerpt":{"rendered":"<p>La Clairi\u00e8re: a well-positioned area where the interment of urns can be performed near newly planted trees It is located near the river and many new trees are planted here every year. The interment of ashes can be done at the base of these new trees. You can even choose the type of tree from [&hellip;]<\/p>\n","protected":false},"author":1,"featured_media":0,"parent":0,"menu_order":0,"comment_status":"closed","ping_status":"closed","template":"page-service.php","meta":{"_acf_changed":false,"footnotes":""},"class_list":["post-4270","page","type-page","status-publish","hentry"],"acf":[],"yoast_head":"<!-- This site is optimized with the Yoast SEO plugin v27.4 - https:\/\/yoast.com\/product\/yoast-seo-wordpress\/ -->\n<title>La Clairi\u00e8re: Interment near a tree | Pr\u00e9vost | Les Sentiers<\/title>\n<meta name=\"description\" content=\"Located in the natural cemetery Les Sentiers in Pr\u00e9vost in the Laurentians, La Clairi\u00e8re is a popular choice for the interment of urns near trees.\" \/>\n<meta name=\"robots\" content=\"index, follow, max-snippet:-1, max-image-preview:large, max-video-preview:-1\" \/>\n<link rel=\"canonical\" href=\"https:\/\/lessentiers.ca\/en\/clairiere-interment-of-ashes-base-of-tree\/\" \/>\n<meta property=\"og:locale\" content=\"en_US\" \/>\n<meta property=\"og:type\" content=\"article\" \/>\n<meta property=\"og:title\" content=\"La Clairi\u00e8re: Interment near a tree | Pr\u00e9vost | Les Sentiers\" \/>\n<meta property=\"og:description\" content=\"Located in the natural cemetery Les Sentiers in Pr\u00e9vost in the Laurentians, La Clairi\u00e8re is a popular choice for the interment of urns near trees.\" \/>\n<meta property=\"og:url\" content=\"https:\/\/lessentiers.ca\/en\/clairiere-interment-of-ashes-base-of-tree\/\" \/>\n<meta property=\"og:site_name\" content=\"Les Sentiers\" \/>\n<meta property=\"article:modified_time\" content=\"2021-11-25T19:01:22+00:00\" \/>\n<meta property=\"og:image\" content=\"https:\/\/lessentiers.ca\/wp-content\/uploads\/2021\/05\/papillon-2@2x.png\" \/>\n<meta name=\"twitter:card\" content=\"summary_large_image\" \/>\n<meta name=\"twitter:label1\" content=\"Est. reading time\" \/>\n\t<meta name=\"twitter:data1\" content=\"1 minute\" \/>\n<script type=\"application\/ld+json\" class=\"yoast-schema-graph\">{\"@context\":\"https:\\\/\\\/schema.org\",\"@graph\":[{\"@type\":\"WebPage\",\"@id\":\"https:\\\/\\\/lessentiers.ca\\\/en\\\/clairiere-interment-of-ashes-base-of-tree\\\/\",\"url\":\"https:\\\/\\\/lessentiers.ca\\\/en\\\/clairiere-interment-of-ashes-base-of-tree\\\/\",\"name\":\"La Clairi\u00e8re: Interment near a tree | Pr\u00e9vost | Les Sentiers\",\"isPartOf\":{\"@id\":\"https:\\\/\\\/lessentiers.ca\\\/#website\"},\"primaryImageOfPage\":{\"@id\":\"https:\\\/\\\/lessentiers.ca\\\/en\\\/clairiere-interment-of-ashes-base-of-tree\\\/#primaryimage\"},\"image\":{\"@id\":\"https:\\\/\\\/lessentiers.ca\\\/en\\\/clairiere-interment-of-ashes-base-of-tree\\\/#primaryimage\"},\"thumbnailUrl\":\"https:\\\/\\\/lessentiers.ca\\\/wp-content\\\/uploads\\\/2021\\\/05\\\/papillon-2@2x.png\",\"datePublished\":\"2021-07-05T00:08:18+00:00\",\"dateModified\":\"2021-11-25T19:01:22+00:00\",\"description\":\"Located in the natural cemetery Les Sentiers in Pr\u00e9vost in the Laurentians, La Clairi\u00e8re is a popular choice for the interment of urns near trees.\",\"breadcrumb\":{\"@id\":\"https:\\\/\\\/lessentiers.ca\\\/en\\\/clairiere-interment-of-ashes-base-of-tree\\\/#breadcrumb\"},\"inLanguage\":\"en-US\",\"potentialAction\":[{\"@type\":\"ReadAction\",\"target\":[\"https:\\\/\\\/lessentiers.ca\\\/en\\\/clairiere-interment-of-ashes-base-of-tree\\\/\"]}]},{\"@type\":\"ImageObject\",\"inLanguage\":\"en-US\",\"@id\":\"https:\\\/\\\/lessentiers.ca\\\/en\\\/clairiere-interment-of-ashes-base-of-tree\\\/#primaryimage\",\"url\":\"https:\\\/\\\/lessentiers.ca\\\/wp-content\\\/uploads\\\/2021\\\/05\\\/papillon-2@2x.png\",\"contentUrl\":\"https:\\\/\\\/lessentiers.ca\\\/wp-content\\\/uploads\\\/2021\\\/05\\\/papillon-2@2x.png\"},{\"@type\":\"BreadcrumbList\",\"@id\":\"https:\\\/\\\/lessentiers.ca\\\/en\\\/clairiere-interment-of-ashes-base-of-tree\\\/#breadcrumb\",\"itemListElement\":[{\"@type\":\"ListItem\",\"position\":1,\"name\":\"Accueil\",\"item\":\"https:\\\/\\\/lessentiers.ca\\\/en\\\/\"},{\"@type\":\"ListItem\",\"position\":2,\"name\":\"La Clairi\u00e8re\"}]},{\"@type\":\"WebSite\",\"@id\":\"https:\\\/\\\/lessentiers.ca\\\/#website\",\"url\":\"https:\\\/\\\/lessentiers.ca\\\/\",\"name\":\"Les Sentiers\",\"description\":\"\",\"publisher\":{\"@id\":\"https:\\\/\\\/lessentiers.ca\\\/#organization\"},\"potentialAction\":[{\"@type\":\"SearchAction\",\"target\":{\"@type\":\"EntryPoint\",\"urlTemplate\":\"https:\\\/\\\/lessentiers.ca\\\/?s={search_term_string}\"},\"query-input\":{\"@type\":\"PropertyValueSpecification\",\"valueRequired\":true,\"valueName\":\"search_term_string\"}}],\"inLanguage\":\"en-US\"},{\"@type\":\"Organization\",\"@id\":\"https:\\\/\\\/lessentiers.ca\\\/#organization\",\"name\":\"Les Sentiers\",\"url\":\"https:\\\/\\\/lessentiers.ca\\\/\",\"logo\":{\"@type\":\"ImageObject\",\"inLanguage\":\"en-US\",\"@id\":\"https:\\\/\\\/lessentiers.ca\\\/#\\\/schema\\\/logo\\\/image\\\/\",\"url\":\"https:\\\/\\\/lessentiers.ca\\\/wp-content\\\/uploads\\\/2021\\\/05\\\/Les-Sentiers-logo-1.svg\",\"contentUrl\":\"https:\\\/\\\/lessentiers.ca\\\/wp-content\\\/uploads\\\/2021\\\/05\\\/Les-Sentiers-logo-1.svg\",\"width\":319,\"height\":208,\"caption\":\"Les Sentiers\"},\"image\":{\"@id\":\"https:\\\/\\\/lessentiers.ca\\\/#\\\/schema\\\/logo\\\/image\\\/\"}}]}<\/script>\n<!-- \/ Yoast SEO plugin. -->","yoast_head_json":{"title":"La Clairi\u00e8re: Interment near a tree | Pr\u00e9vost | Les Sentiers","description":"Located in the natural cemetery Les Sentiers in Pr\u00e9vost in the Laurentians, La Clairi\u00e8re is a popular choice for the interment of urns near trees.","robots":{"index":"index","follow":"follow","max-snippet":"max-snippet:-1","max-image-preview":"max-image-preview:large","max-video-preview":"max-video-preview:-1"},"canonical":"https:\/\/lessentiers.ca\/en\/clairiere-interment-of-ashes-base-of-tree\/","og_locale":"en_US","og_type":"article","og_title":"La Clairi\u00e8re: Interment near a tree | Pr\u00e9vost | Les Sentiers","og_description":"Located in the natural cemetery Les Sentiers in Pr\u00e9vost in the Laurentians, La Clairi\u00e8re is a popular choice for the interment of urns near trees.","og_url":"https:\/\/lessentiers.ca\/en\/clairiere-interment-of-ashes-base-of-tree\/","og_site_name":"Les Sentiers","article_modified_time":"2021-11-25T19:01:22+00:00","og_image":[{"url":"https:\/\/lessentiers.ca\/wp-content\/uploads\/2021\/05\/papillon-2@2x.png","type":"","width":"","height":""}],"twitter_card":"summary_large_image","twitter_misc":{"Est. reading time":"1 minute"},"schema":{"@context":"https:\/\/schema.org","@graph":[{"@type":"WebPage","@id":"https:\/\/lessentiers.ca\/en\/clairiere-interment-of-ashes-base-of-tree\/","url":"https:\/\/lessentiers.ca\/en\/clairiere-interment-of-ashes-base-of-tree\/","name":"La Clairi\u00e8re: Interment near a tree | Pr\u00e9vost | Les Sentiers","isPartOf":{"@id":"https:\/\/lessentiers.ca\/#website"},"primaryImageOfPage":{"@id":"https:\/\/lessentiers.ca\/en\/clairiere-interment-of-ashes-base-of-tree\/#primaryimage"},"image":{"@id":"https:\/\/lessentiers.ca\/en\/clairiere-interment-of-ashes-base-of-tree\/#primaryimage"},"thumbnailUrl":"https:\/\/lessentiers.ca\/wp-content\/uploads\/2021\/05\/papillon-2@2x.png","datePublished":"2021-07-05T00:08:18+00:00","dateModified":"2021-11-25T19:01:22+00:00","description":"Located in the natural cemetery Les Sentiers in Pr\u00e9vost in the Laurentians, La Clairi\u00e8re is a popular choice for the interment of urns near trees.","breadcrumb":{"@id":"https:\/\/lessentiers.ca\/en\/clairiere-interment-of-ashes-base-of-tree\/#breadcrumb"},"inLanguage":"en-US","potentialAction":[{"@type":"ReadAction","target":["https:\/\/lessentiers.ca\/en\/clairiere-interment-of-ashes-base-of-tree\/"]}]},{"@type":"ImageObject","inLanguage":"en-US","@id":"https:\/\/lessentiers.ca\/en\/clairiere-interment-of-ashes-base-of-tree\/#primaryimage","url":"https:\/\/lessentiers.ca\/wp-content\/uploads\/2021\/05\/papillon-2@2x.png","contentUrl":"https:\/\/lessentiers.ca\/wp-content\/uploads\/2021\/05\/papillon-2@2x.png"},{"@type":"BreadcrumbList","@id":"https:\/\/lessentiers.ca\/en\/clairiere-interment-of-ashes-base-of-tree\/#breadcrumb","itemListElement":[{"@type":"ListItem","position":1,"name":"Accueil","item":"https:\/\/lessentiers.ca\/en\/"},{"@type":"ListItem","position":2,"name":"La Clairi\u00e8re"}]},{"@type":"WebSite","@id":"https:\/\/lessentiers.ca\/#website","url":"https:\/\/lessentiers.ca\/","name":"Les Sentiers","description":"","publisher":{"@id":"https:\/\/lessentiers.ca\/#organization"},"potentialAction":[{"@type":"SearchAction","target":{"@type":"EntryPoint","urlTemplate":"https:\/\/lessentiers.ca\/?s={search_term_string}"},"query-input":{"@type":"PropertyValueSpecification","valueRequired":true,"valueName":"search_term_string"}}],"inLanguage":"en-US"},{"@type":"Organization","@id":"https:\/\/lessentiers.ca\/#organization","name":"Les Sentiers","url":"https:\/\/lessentiers.ca\/","logo":{"@type":"ImageObject","inLanguage":"en-US","@id":"https:\/\/lessentiers.ca\/#\/schema\/logo\/image\/","url":"https:\/\/lessentiers.ca\/wp-content\/uploads\/2021\/05\/Les-Sentiers-logo-1.svg","contentUrl":"https:\/\/lessentiers.ca\/wp-content\/uploads\/2021\/05\/Les-Sentiers-logo-1.svg","width":319,"height":208,"caption":"Les Sentiers"},"image":{"@id":"https:\/\/lessentiers.ca\/#\/schema\/logo\/image\/"}}]}},"_links":{"self":[{"href":"https:\/\/lessentiers.ca\/en\/wp-json\/wp\/v2\/pages\/4270","targetHints":{"allow":["GET"]}}],"collection":[{"href":"https:\/\/lessentiers.ca\/en\/wp-json\/wp\/v2\/pages"}],"about":[{"href":"https:\/\/lessentiers.ca\/en\/wp-json\/wp\/v2\/types\/page"}],"author":[{"embeddable":true,"href":"https:\/\/lessentiers.ca\/en\/wp-json\/wp\/v2\/users\/1"}],"replies":[{"embeddable":true,"href":"https:\/\/lessentiers.ca\/en\/wp-json\/wp\/v2\/comments?post=4270"}],"version-history":[{"count":2,"href":"https:\/\/lessentiers.ca\/en\/wp-json\/wp\/v2\/pages\/4270\/revisions"}],"predecessor-version":[{"id":5549,"href":"https:\/\/lessentiers.ca\/en\/wp-json\/wp\/v2\/pages\/4270\/revisions\/5549"}],"wp:attachment":[{"href":"https:\/\/lessentiers.ca\/en\/wp-json\/wp\/v2\/media?parent=4270"}],"curies":[{"name":"wp","href":"https:\/\/api.w.org\/{rel}","templated":true}]}}