{"id":4292,"date":"2021-06-12T16:39:14","date_gmt":"2021-06-12T16:39:14","guid":{"rendered":"https:\/\/lessentiers.ca\/quoi-faire-lors-dun-deces\/"},"modified":"2021-11-24T00:38:10","modified_gmt":"2021-11-24T00:38:10","slug":"when-a-death-occurs","status":"publish","type":"page","link":"https:\/\/lessentiers.ca\/en\/when-a-death-occurs\/","title":{"rendered":"When a death occurs"},"content":{"rendered":"","protected":false},"excerpt":{"rendered":"","protected":false},"author":1,"featured_media":0,"parent":0,"menu_order":0,"comment_status":"closed","ping_status":"closed","template":"page-boite-a-outils.php","meta":{"_acf_changed":false,"footnotes":""},"class_list":["post-4292","page","type-page","status-publish","hentry"],"acf":[],"yoast_head":"<!-- This site is optimized with the Yoast SEO plugin v27.2 - https:\/\/yoast.com\/product\/yoast-seo-wordpress\/ -->\n<title>\u00c0 pr\u00e9voir lors d&#039;un d\u00e9c\u00e8s | Les Sentiers | Cimeti\u00e8re naturel<\/title>\n<meta name=\"description\" content=\"Lorsqu\u2019un d\u00e9c\u00e8s survient, une panoplie de choses sont \u00e0 penser et \u00e0 pr\u00e9voir. Vous pourrez toujours compter sur nos conseils et proc\u00e9dures pour vous guider.\" \/>\n<meta name=\"robots\" content=\"index, follow, max-snippet:-1, max-image-preview:large, max-video-preview:-1\" \/>\n<link rel=\"canonical\" href=\"https:\/\/lessentiers.ca\/en\/when-a-death-occurs\/\" \/>\n<meta property=\"og:locale\" content=\"en_US\" \/>\n<meta property=\"og:type\" content=\"article\" \/>\n<meta property=\"og:title\" content=\"\u00c0 pr\u00e9voir lors d&#039;un d\u00e9c\u00e8s | Les Sentiers | Cimeti\u00e8re naturel\" \/>\n<meta property=\"og:description\" content=\"Lorsqu\u2019un d\u00e9c\u00e8s survient, une panoplie de choses sont \u00e0 penser et \u00e0 pr\u00e9voir. Vous pourrez toujours compter sur nos conseils et proc\u00e9dures pour vous guider.\" \/>\n<meta property=\"og:url\" content=\"https:\/\/lessentiers.ca\/en\/when-a-death-occurs\/\" \/>\n<meta property=\"og:site_name\" content=\"Les Sentiers\" \/>\n<meta property=\"article:modified_time\" content=\"2021-11-24T00:38:10+00:00\" \/>\n<meta property=\"og:image\" content=\"https:\/\/lessentiers.ca\/wp-content\/uploads\/2021\/10\/LesSentiers_ImagePartage_Facebook.jpg\" \/>\n\t<meta property=\"og:image:width\" content=\"1200\" \/>\n\t<meta property=\"og:image:height\" content=\"628\" \/>\n\t<meta property=\"og:image:type\" content=\"image\/jpeg\" \/>\n<meta name=\"twitter:card\" content=\"summary_large_image\" \/>\n<script type=\"application\/ld+json\" class=\"yoast-schema-graph\">{\"@context\":\"https:\/\/schema.org\",\"@graph\":[{\"@type\":\"WebPage\",\"@id\":\"https:\/\/lessentiers.ca\/en\/when-a-death-occurs\/\",\"url\":\"https:\/\/lessentiers.ca\/en\/when-a-death-occurs\/\",\"name\":\"\u00c0 pr\u00e9voir lors d'un d\u00e9c\u00e8s | Les Sentiers | Cimeti\u00e8re naturel\",\"isPartOf\":{\"@id\":\"https:\/\/lessentiers.ca\/#website\"},\"datePublished\":\"2021-06-12T16:39:14+00:00\",\"dateModified\":\"2021-11-24T00:38:10+00:00\",\"description\":\"Lorsqu\u2019un d\u00e9c\u00e8s survient, une panoplie de choses sont \u00e0 penser et \u00e0 pr\u00e9voir. Vous pourrez toujours compter sur nos conseils et proc\u00e9dures pour vous guider.\",\"breadcrumb\":{\"@id\":\"https:\/\/lessentiers.ca\/en\/when-a-death-occurs\/#breadcrumb\"},\"inLanguage\":\"en-US\",\"potentialAction\":[{\"@type\":\"ReadAction\",\"target\":[\"https:\/\/lessentiers.ca\/en\/when-a-death-occurs\/\"]}]},{\"@type\":\"BreadcrumbList\",\"@id\":\"https:\/\/lessentiers.ca\/en\/when-a-death-occurs\/#breadcrumb\",\"itemListElement\":[{\"@type\":\"ListItem\",\"position\":1,\"name\":\"Accueil\",\"item\":\"https:\/\/lessentiers.ca\/en\/\"},{\"@type\":\"ListItem\",\"position\":2,\"name\":\"When a death occurs\"}]},{\"@type\":\"WebSite\",\"@id\":\"https:\/\/lessentiers.ca\/#website\",\"url\":\"https:\/\/lessentiers.ca\/\",\"name\":\"Les Sentiers\",\"description\":\"\",\"publisher\":{\"@id\":\"https:\/\/lessentiers.ca\/#organization\"},\"potentialAction\":[{\"@type\":\"SearchAction\",\"target\":{\"@type\":\"EntryPoint\",\"urlTemplate\":\"https:\/\/lessentiers.ca\/?s={search_term_string}\"},\"query-input\":{\"@type\":\"PropertyValueSpecification\",\"valueRequired\":true,\"valueName\":\"search_term_string\"}}],\"inLanguage\":\"en-US\"},{\"@type\":\"Organization\",\"@id\":\"https:\/\/lessentiers.ca\/#organization\",\"name\":\"Les Sentiers\",\"url\":\"https:\/\/lessentiers.ca\/\",\"logo\":{\"@type\":\"ImageObject\",\"inLanguage\":\"en-US\",\"@id\":\"https:\/\/lessentiers.ca\/#\/schema\/logo\/image\/\",\"url\":\"https:\/\/lessentiers.ca\/wp-content\/uploads\/2021\/05\/Les-Sentiers-logo-1.svg\",\"contentUrl\":\"https:\/\/lessentiers.ca\/wp-content\/uploads\/2021\/05\/Les-Sentiers-logo-1.svg\",\"width\":319,\"height\":208,\"caption\":\"Les Sentiers\"},\"image\":{\"@id\":\"https:\/\/lessentiers.ca\/#\/schema\/logo\/image\/\"}}]}<\/script>\n<!-- \/ Yoast SEO plugin. -->","yoast_head_json":{"title":"\u00c0 pr\u00e9voir lors d'un d\u00e9c\u00e8s | Les Sentiers | Cimeti\u00e8re naturel","description":"Lorsqu\u2019un d\u00e9c\u00e8s survient, une panoplie de choses sont \u00e0 penser et \u00e0 pr\u00e9voir. Vous pourrez toujours compter sur nos conseils et proc\u00e9dures pour vous guider.","robots":{"index":"index","follow":"follow","max-snippet":"max-snippet:-1","max-image-preview":"max-image-preview:large","max-video-preview":"max-video-preview:-1"},"canonical":"https:\/\/lessentiers.ca\/en\/when-a-death-occurs\/","og_locale":"en_US","og_type":"article","og_title":"\u00c0 pr\u00e9voir lors d'un d\u00e9c\u00e8s | Les Sentiers | Cimeti\u00e8re naturel","og_description":"Lorsqu\u2019un d\u00e9c\u00e8s survient, une panoplie de choses sont \u00e0 penser et \u00e0 pr\u00e9voir. Vous pourrez toujours compter sur nos conseils et proc\u00e9dures pour vous guider.","og_url":"https:\/\/lessentiers.ca\/en\/when-a-death-occurs\/","og_site_name":"Les Sentiers","article_modified_time":"2021-11-24T00:38:10+00:00","og_image":[{"width":1200,"height":628,"url":"https:\/\/lessentiers.ca\/wp-content\/uploads\/2021\/10\/LesSentiers_ImagePartage_Facebook.jpg","type":"image\/jpeg"}],"twitter_card":"summary_large_image","schema":{"@context":"https:\/\/schema.org","@graph":[{"@type":"WebPage","@id":"https:\/\/lessentiers.ca\/en\/when-a-death-occurs\/","url":"https:\/\/lessentiers.ca\/en\/when-a-death-occurs\/","name":"\u00c0 pr\u00e9voir lors d'un d\u00e9c\u00e8s | Les Sentiers | Cimeti\u00e8re naturel","isPartOf":{"@id":"https:\/\/lessentiers.ca\/#website"},"datePublished":"2021-06-12T16:39:14+00:00","dateModified":"2021-11-24T00:38:10+00:00","description":"Lorsqu\u2019un d\u00e9c\u00e8s survient, une panoplie de choses sont \u00e0 penser et \u00e0 pr\u00e9voir. Vous pourrez toujours compter sur nos conseils et proc\u00e9dures pour vous guider.","breadcrumb":{"@id":"https:\/\/lessentiers.ca\/en\/when-a-death-occurs\/#breadcrumb"},"inLanguage":"en-US","potentialAction":[{"@type":"ReadAction","target":["https:\/\/lessentiers.ca\/en\/when-a-death-occurs\/"]}]},{"@type":"BreadcrumbList","@id":"https:\/\/lessentiers.ca\/en\/when-a-death-occurs\/#breadcrumb","itemListElement":[{"@type":"ListItem","position":1,"name":"Accueil","item":"https:\/\/lessentiers.ca\/en\/"},{"@type":"ListItem","position":2,"name":"When a death occurs"}]},{"@type":"WebSite","@id":"https:\/\/lessentiers.ca\/#website","url":"https:\/\/lessentiers.ca\/","name":"Les Sentiers","description":"","publisher":{"@id":"https:\/\/lessentiers.ca\/#organization"},"potentialAction":[{"@type":"SearchAction","target":{"@type":"EntryPoint","urlTemplate":"https:\/\/lessentiers.ca\/?s={search_term_string}"},"query-input":{"@type":"PropertyValueSpecification","valueRequired":true,"valueName":"search_term_string"}}],"inLanguage":"en-US"},{"@type":"Organization","@id":"https:\/\/lessentiers.ca\/#organization","name":"Les Sentiers","url":"https:\/\/lessentiers.ca\/","logo":{"@type":"ImageObject","inLanguage":"en-US","@id":"https:\/\/lessentiers.ca\/#\/schema\/logo\/image\/","url":"https:\/\/lessentiers.ca\/wp-content\/uploads\/2021\/05\/Les-Sentiers-logo-1.svg","contentUrl":"https:\/\/lessentiers.ca\/wp-content\/uploads\/2021\/05\/Les-Sentiers-logo-1.svg","width":319,"height":208,"caption":"Les Sentiers"},"image":{"@id":"https:\/\/lessentiers.ca\/#\/schema\/logo\/image\/"}}]}},"_links":{"self":[{"href":"https:\/\/lessentiers.ca\/en\/wp-json\/wp\/v2\/pages\/4292","targetHints":{"allow":["GET"]}}],"collection":[{"href":"https:\/\/lessentiers.ca\/en\/wp-json\/wp\/v2\/pages"}],"about":[{"href":"https:\/\/lessentiers.ca\/en\/wp-json\/wp\/v2\/types\/page"}],"author":[{"embeddable":true,"href":"https:\/\/lessentiers.ca\/en\/wp-json\/wp\/v2\/users\/1"}],"replies":[{"embeddable":true,"href":"https:\/\/lessentiers.ca\/en\/wp-json\/wp\/v2\/comments?post=4292"}],"version-history":[{"count":5,"href":"https:\/\/lessentiers.ca\/en\/wp-json\/wp\/v2\/pages\/4292\/revisions"}],"predecessor-version":[{"id":5481,"href":"https:\/\/lessentiers.ca\/en\/wp-json\/wp\/v2\/pages\/4292\/revisions\/5481"}],"wp:attachment":[{"href":"https:\/\/lessentiers.ca\/en\/wp-json\/wp\/v2\/media?parent=4292"}],"curies":[{"name":"wp","href":"https:\/\/api.w.org\/{rel}","templated":true}]}}