{"id":4305,"date":"2021-07-05T00:54:39","date_gmt":"2021-07-05T00:54:39","guid":{"rendered":"https:\/\/lessentiers.ca\/liens-gouvernementaux\/"},"modified":"2021-11-03T22:58:45","modified_gmt":"2021-11-03T22:58:45","slug":"government-links","status":"publish","type":"page","link":"https:\/\/lessentiers.ca\/en\/government-links\/","title":{"rendered":"Government Links"},"content":{"rendered":"<p>In an effort to make things easier for you, we have compiled a list of essential links about the government\u2019s various roles regarding the settlement of an estate.<\/p>\n","protected":false},"excerpt":{"rendered":"<p>In an effort to make things easier for you, we have compiled a list of essential links about the government\u2019s various roles regarding the settlement of an estate.<\/p>\n","protected":false},"author":1,"featured_media":0,"parent":0,"menu_order":0,"comment_status":"closed","ping_status":"closed","template":"page-simple.php","meta":{"_acf_changed":false,"footnotes":""},"class_list":["post-4305","page","type-page","status-publish","hentry"],"acf":[],"yoast_head":"<!-- This site is optimized with the Yoast SEO plugin v27.4 - https:\/\/yoast.com\/product\/yoast-seo-wordpress\/ -->\n<title>Columbarium en nature Rive-Nord | Cimeti\u00e8re naturel, Les Sentiers<\/title>\n<meta name=\"description\" content=\"Les Sentiers offre des columbariums ext\u00e9rieurs \u00e0 Pr\u00e9vost pour niches individuelles, conjointes ou familiales : concessions de 50 ou 99 ans.\" \/>\n<meta name=\"robots\" content=\"index, follow, max-snippet:-1, max-image-preview:large, max-video-preview:-1\" \/>\n<link rel=\"canonical\" href=\"https:\/\/lessentiers.ca\/en\/government-links\/\" \/>\n<meta property=\"og:locale\" content=\"en_US\" \/>\n<meta property=\"og:type\" content=\"article\" \/>\n<meta property=\"og:title\" content=\"Columbarium en nature Rive-Nord | Cimeti\u00e8re naturel, Les Sentiers\" \/>\n<meta property=\"og:description\" content=\"Les Sentiers offre des columbariums ext\u00e9rieurs \u00e0 Pr\u00e9vost pour niches individuelles, conjointes ou familiales : concessions de 50 ou 99 ans.\" \/>\n<meta property=\"og:url\" content=\"https:\/\/lessentiers.ca\/en\/government-links\/\" \/>\n<meta property=\"og:site_name\" content=\"Les Sentiers\" \/>\n<meta property=\"article:modified_time\" content=\"2021-11-03T22:58:45+00:00\" \/>\n<meta property=\"og:image\" content=\"https:\/\/lessentiers.ca\/wp-content\/uploads\/2021\/10\/LesSentiers_ImagePartage_Facebook.jpg\" \/>\n\t<meta property=\"og:image:width\" content=\"1200\" \/>\n\t<meta property=\"og:image:height\" content=\"628\" \/>\n\t<meta property=\"og:image:type\" content=\"image\/jpeg\" \/>\n<meta name=\"twitter:card\" content=\"summary_large_image\" \/>\n<meta name=\"twitter:label1\" content=\"Est. reading time\" \/>\n\t<meta name=\"twitter:data1\" content=\"2 minutes\" \/>\n<script type=\"application\/ld+json\" class=\"yoast-schema-graph\">{\"@context\":\"https:\\\/\\\/schema.org\",\"@graph\":[{\"@type\":\"WebPage\",\"@id\":\"https:\\\/\\\/lessentiers.ca\\\/en\\\/government-links\\\/\",\"url\":\"https:\\\/\\\/lessentiers.ca\\\/en\\\/government-links\\\/\",\"name\":\"Columbarium en nature Rive-Nord | Cimeti\u00e8re naturel, Les Sentiers\",\"isPartOf\":{\"@id\":\"https:\\\/\\\/lessentiers.ca\\\/#website\"},\"datePublished\":\"2021-07-05T00:54:39+00:00\",\"dateModified\":\"2021-11-03T22:58:45+00:00\",\"description\":\"Les Sentiers offre des columbariums ext\u00e9rieurs \u00e0 Pr\u00e9vost pour niches individuelles, conjointes ou familiales : concessions de 50 ou 99 ans.\",\"breadcrumb\":{\"@id\":\"https:\\\/\\\/lessentiers.ca\\\/en\\\/government-links\\\/#breadcrumb\"},\"inLanguage\":\"en-US\",\"potentialAction\":[{\"@type\":\"ReadAction\",\"target\":[\"https:\\\/\\\/lessentiers.ca\\\/en\\\/government-links\\\/\"]}]},{\"@type\":\"BreadcrumbList\",\"@id\":\"https:\\\/\\\/lessentiers.ca\\\/en\\\/government-links\\\/#breadcrumb\",\"itemListElement\":[{\"@type\":\"ListItem\",\"position\":1,\"name\":\"Accueil\",\"item\":\"https:\\\/\\\/lessentiers.ca\\\/en\\\/\"},{\"@type\":\"ListItem\",\"position\":2,\"name\":\"Government Links\"}]},{\"@type\":\"WebSite\",\"@id\":\"https:\\\/\\\/lessentiers.ca\\\/#website\",\"url\":\"https:\\\/\\\/lessentiers.ca\\\/\",\"name\":\"Les Sentiers\",\"description\":\"\",\"publisher\":{\"@id\":\"https:\\\/\\\/lessentiers.ca\\\/#organization\"},\"potentialAction\":[{\"@type\":\"SearchAction\",\"target\":{\"@type\":\"EntryPoint\",\"urlTemplate\":\"https:\\\/\\\/lessentiers.ca\\\/?s={search_term_string}\"},\"query-input\":{\"@type\":\"PropertyValueSpecification\",\"valueRequired\":true,\"valueName\":\"search_term_string\"}}],\"inLanguage\":\"en-US\"},{\"@type\":\"Organization\",\"@id\":\"https:\\\/\\\/lessentiers.ca\\\/#organization\",\"name\":\"Les Sentiers\",\"url\":\"https:\\\/\\\/lessentiers.ca\\\/\",\"logo\":{\"@type\":\"ImageObject\",\"inLanguage\":\"en-US\",\"@id\":\"https:\\\/\\\/lessentiers.ca\\\/#\\\/schema\\\/logo\\\/image\\\/\",\"url\":\"https:\\\/\\\/lessentiers.ca\\\/wp-content\\\/uploads\\\/2021\\\/05\\\/Les-Sentiers-logo-1.svg\",\"contentUrl\":\"https:\\\/\\\/lessentiers.ca\\\/wp-content\\\/uploads\\\/2021\\\/05\\\/Les-Sentiers-logo-1.svg\",\"width\":319,\"height\":208,\"caption\":\"Les Sentiers\"},\"image\":{\"@id\":\"https:\\\/\\\/lessentiers.ca\\\/#\\\/schema\\\/logo\\\/image\\\/\"}}]}<\/script>\n<!-- \/ Yoast SEO plugin. -->","yoast_head_json":{"title":"Columbarium en nature Rive-Nord | Cimeti\u00e8re naturel, Les Sentiers","description":"Les Sentiers offre des columbariums ext\u00e9rieurs \u00e0 Pr\u00e9vost pour niches individuelles, conjointes ou familiales : concessions de 50 ou 99 ans.","robots":{"index":"index","follow":"follow","max-snippet":"max-snippet:-1","max-image-preview":"max-image-preview:large","max-video-preview":"max-video-preview:-1"},"canonical":"https:\/\/lessentiers.ca\/en\/government-links\/","og_locale":"en_US","og_type":"article","og_title":"Columbarium en nature Rive-Nord | Cimeti\u00e8re naturel, Les Sentiers","og_description":"Les Sentiers offre des columbariums ext\u00e9rieurs \u00e0 Pr\u00e9vost pour niches individuelles, conjointes ou familiales : concessions de 50 ou 99 ans.","og_url":"https:\/\/lessentiers.ca\/en\/government-links\/","og_site_name":"Les Sentiers","article_modified_time":"2021-11-03T22:58:45+00:00","og_image":[{"width":1200,"height":628,"url":"https:\/\/lessentiers.ca\/wp-content\/uploads\/2021\/10\/LesSentiers_ImagePartage_Facebook.jpg","type":"image\/jpeg"}],"twitter_card":"summary_large_image","twitter_misc":{"Est. reading time":"2 minutes"},"schema":{"@context":"https:\/\/schema.org","@graph":[{"@type":"WebPage","@id":"https:\/\/lessentiers.ca\/en\/government-links\/","url":"https:\/\/lessentiers.ca\/en\/government-links\/","name":"Columbarium en nature Rive-Nord | Cimeti\u00e8re naturel, Les Sentiers","isPartOf":{"@id":"https:\/\/lessentiers.ca\/#website"},"datePublished":"2021-07-05T00:54:39+00:00","dateModified":"2021-11-03T22:58:45+00:00","description":"Les Sentiers offre des columbariums ext\u00e9rieurs \u00e0 Pr\u00e9vost pour niches individuelles, conjointes ou familiales : concessions de 50 ou 99 ans.","breadcrumb":{"@id":"https:\/\/lessentiers.ca\/en\/government-links\/#breadcrumb"},"inLanguage":"en-US","potentialAction":[{"@type":"ReadAction","target":["https:\/\/lessentiers.ca\/en\/government-links\/"]}]},{"@type":"BreadcrumbList","@id":"https:\/\/lessentiers.ca\/en\/government-links\/#breadcrumb","itemListElement":[{"@type":"ListItem","position":1,"name":"Accueil","item":"https:\/\/lessentiers.ca\/en\/"},{"@type":"ListItem","position":2,"name":"Government Links"}]},{"@type":"WebSite","@id":"https:\/\/lessentiers.ca\/#website","url":"https:\/\/lessentiers.ca\/","name":"Les Sentiers","description":"","publisher":{"@id":"https:\/\/lessentiers.ca\/#organization"},"potentialAction":[{"@type":"SearchAction","target":{"@type":"EntryPoint","urlTemplate":"https:\/\/lessentiers.ca\/?s={search_term_string}"},"query-input":{"@type":"PropertyValueSpecification","valueRequired":true,"valueName":"search_term_string"}}],"inLanguage":"en-US"},{"@type":"Organization","@id":"https:\/\/lessentiers.ca\/#organization","name":"Les Sentiers","url":"https:\/\/lessentiers.ca\/","logo":{"@type":"ImageObject","inLanguage":"en-US","@id":"https:\/\/lessentiers.ca\/#\/schema\/logo\/image\/","url":"https:\/\/lessentiers.ca\/wp-content\/uploads\/2021\/05\/Les-Sentiers-logo-1.svg","contentUrl":"https:\/\/lessentiers.ca\/wp-content\/uploads\/2021\/05\/Les-Sentiers-logo-1.svg","width":319,"height":208,"caption":"Les Sentiers"},"image":{"@id":"https:\/\/lessentiers.ca\/#\/schema\/logo\/image\/"}}]}},"_links":{"self":[{"href":"https:\/\/lessentiers.ca\/en\/wp-json\/wp\/v2\/pages\/4305","targetHints":{"allow":["GET"]}}],"collection":[{"href":"https:\/\/lessentiers.ca\/en\/wp-json\/wp\/v2\/pages"}],"about":[{"href":"https:\/\/lessentiers.ca\/en\/wp-json\/wp\/v2\/types\/page"}],"author":[{"embeddable":true,"href":"https:\/\/lessentiers.ca\/en\/wp-json\/wp\/v2\/users\/1"}],"replies":[{"embeddable":true,"href":"https:\/\/lessentiers.ca\/en\/wp-json\/wp\/v2\/comments?post=4305"}],"version-history":[{"count":1,"href":"https:\/\/lessentiers.ca\/en\/wp-json\/wp\/v2\/pages\/4305\/revisions"}],"predecessor-version":[{"id":4306,"href":"https:\/\/lessentiers.ca\/en\/wp-json\/wp\/v2\/pages\/4305\/revisions\/4306"}],"wp:attachment":[{"href":"https:\/\/lessentiers.ca\/en\/wp-json\/wp\/v2\/media?parent=4305"}],"curies":[{"name":"wp","href":"https:\/\/api.w.org\/{rel}","templated":true}]}}