{"id":4311,"date":"2021-05-26T15:23:50","date_gmt":"2021-05-26T15:23:50","guid":{"rendered":"https:\/\/lessentiers.ca\/registre-des-defunts\/"},"modified":"2021-11-03T23:02:48","modified_gmt":"2021-11-03T23:02:48","slug":"registry-of-deceased-persons","status":"publish","type":"page","link":"https:\/\/lessentiers.ca\/en\/registry-of-deceased-persons\/","title":{"rendered":"Registry of deceased persons"},"content":{"rendered":"<p>Are you looking for a deceased family member, friend or relative? This Web-based tool allows you to search using various criteria. <\/p>\n","protected":false},"excerpt":{"rendered":"<p>Are you looking for a deceased family member, friend or relative? This Web-based tool allows you to search using various criteria.<\/p>\n","protected":false},"author":2,"featured_media":0,"parent":0,"menu_order":0,"comment_status":"closed","ping_status":"closed","template":"page-registre-defunts.php","meta":{"_acf_changed":false,"footnotes":""},"class_list":["post-4311","page","type-page","status-publish","hentry"],"acf":[],"yoast_head":"<!-- This site is optimized with the Yoast SEO plugin v27.2 - https:\/\/yoast.com\/product\/yoast-seo-wordpress\/ -->\n<title>Registre des d\u00e9funts | Avis de d\u00e9c\u00e8s<\/title>\n<meta name=\"description\" content=\"Vous \u00eates \u00e0 la recherche d\u2019un membre de votre famille, un ami ou un anc\u00eatre d\u00e9c\u00e9d\u00e9? Nous vous invitons \u00e0 utiliser cet outil Web afin d\u2019effectuer une recherche \u00e0 l\u2019aide des diff\u00e9rents crit\u00e8res disponibles.\" \/>\n<meta name=\"robots\" content=\"index, follow, max-snippet:-1, max-image-preview:large, max-video-preview:-1\" \/>\n<link rel=\"canonical\" href=\"https:\/\/lessentiers.ca\/en\/registry-of-deceased-persons\/\" \/>\n<meta property=\"og:locale\" content=\"en_US\" \/>\n<meta property=\"og:type\" content=\"article\" \/>\n<meta property=\"og:title\" content=\"Registre des d\u00e9funts | Avis de d\u00e9c\u00e8s\" \/>\n<meta property=\"og:description\" content=\"Vous \u00eates \u00e0 la recherche d\u2019un membre de votre famille, un ami ou un anc\u00eatre d\u00e9c\u00e9d\u00e9? Nous vous invitons \u00e0 utiliser cet outil Web afin d\u2019effectuer une recherche \u00e0 l\u2019aide des diff\u00e9rents crit\u00e8res disponibles.\" \/>\n<meta property=\"og:url\" content=\"https:\/\/lessentiers.ca\/en\/registry-of-deceased-persons\/\" \/>\n<meta property=\"og:site_name\" content=\"Les Sentiers\" \/>\n<meta property=\"article:modified_time\" content=\"2021-11-03T23:02:48+00:00\" \/>\n<meta property=\"og:image\" content=\"https:\/\/lessentiers.ca\/wp-content\/uploads\/2021\/10\/LesSentiers_ImagePartage_Facebook.jpg\" \/>\n\t<meta property=\"og:image:width\" content=\"1200\" \/>\n\t<meta property=\"og:image:height\" content=\"628\" \/>\n\t<meta property=\"og:image:type\" content=\"image\/jpeg\" \/>\n<meta name=\"twitter:card\" content=\"summary_large_image\" \/>\n<script type=\"application\/ld+json\" class=\"yoast-schema-graph\">{\"@context\":\"https:\/\/schema.org\",\"@graph\":[{\"@type\":\"WebPage\",\"@id\":\"https:\/\/lessentiers.ca\/en\/registry-of-deceased-persons\/\",\"url\":\"https:\/\/lessentiers.ca\/en\/registry-of-deceased-persons\/\",\"name\":\"Registre des d\u00e9funts | Avis de d\u00e9c\u00e8s\",\"isPartOf\":{\"@id\":\"https:\/\/lessentiers.ca\/#website\"},\"datePublished\":\"2021-05-26T15:23:50+00:00\",\"dateModified\":\"2021-11-03T23:02:48+00:00\",\"description\":\"Vous \u00eates \u00e0 la recherche d\u2019un membre de votre famille, un ami ou un anc\u00eatre d\u00e9c\u00e9d\u00e9? Nous vous invitons \u00e0 utiliser cet outil Web afin d\u2019effectuer une recherche \u00e0 l\u2019aide des diff\u00e9rents crit\u00e8res disponibles.\",\"breadcrumb\":{\"@id\":\"https:\/\/lessentiers.ca\/en\/registry-of-deceased-persons\/#breadcrumb\"},\"inLanguage\":\"en-US\",\"potentialAction\":[{\"@type\":\"ReadAction\",\"target\":[\"https:\/\/lessentiers.ca\/en\/registry-of-deceased-persons\/\"]}]},{\"@type\":\"BreadcrumbList\",\"@id\":\"https:\/\/lessentiers.ca\/en\/registry-of-deceased-persons\/#breadcrumb\",\"itemListElement\":[{\"@type\":\"ListItem\",\"position\":1,\"name\":\"Accueil\",\"item\":\"https:\/\/lessentiers.ca\/en\/\"},{\"@type\":\"ListItem\",\"position\":2,\"name\":\"Registry of deceased persons\"}]},{\"@type\":\"WebSite\",\"@id\":\"https:\/\/lessentiers.ca\/#website\",\"url\":\"https:\/\/lessentiers.ca\/\",\"name\":\"Les Sentiers\",\"description\":\"\",\"publisher\":{\"@id\":\"https:\/\/lessentiers.ca\/#organization\"},\"potentialAction\":[{\"@type\":\"SearchAction\",\"target\":{\"@type\":\"EntryPoint\",\"urlTemplate\":\"https:\/\/lessentiers.ca\/?s={search_term_string}\"},\"query-input\":{\"@type\":\"PropertyValueSpecification\",\"valueRequired\":true,\"valueName\":\"search_term_string\"}}],\"inLanguage\":\"en-US\"},{\"@type\":\"Organization\",\"@id\":\"https:\/\/lessentiers.ca\/#organization\",\"name\":\"Les Sentiers\",\"url\":\"https:\/\/lessentiers.ca\/\",\"logo\":{\"@type\":\"ImageObject\",\"inLanguage\":\"en-US\",\"@id\":\"https:\/\/lessentiers.ca\/#\/schema\/logo\/image\/\",\"url\":\"https:\/\/lessentiers.ca\/wp-content\/uploads\/2021\/05\/Les-Sentiers-logo-1.svg\",\"contentUrl\":\"https:\/\/lessentiers.ca\/wp-content\/uploads\/2021\/05\/Les-Sentiers-logo-1.svg\",\"width\":319,\"height\":208,\"caption\":\"Les Sentiers\"},\"image\":{\"@id\":\"https:\/\/lessentiers.ca\/#\/schema\/logo\/image\/\"}}]}<\/script>\n<!-- \/ Yoast SEO plugin. -->","yoast_head_json":{"title":"Registre des d\u00e9funts | Avis de d\u00e9c\u00e8s","description":"Vous \u00eates \u00e0 la recherche d\u2019un membre de votre famille, un ami ou un anc\u00eatre d\u00e9c\u00e9d\u00e9? Nous vous invitons \u00e0 utiliser cet outil Web afin d\u2019effectuer une recherche \u00e0 l\u2019aide des diff\u00e9rents crit\u00e8res disponibles.","robots":{"index":"index","follow":"follow","max-snippet":"max-snippet:-1","max-image-preview":"max-image-preview:large","max-video-preview":"max-video-preview:-1"},"canonical":"https:\/\/lessentiers.ca\/en\/registry-of-deceased-persons\/","og_locale":"en_US","og_type":"article","og_title":"Registre des d\u00e9funts | Avis de d\u00e9c\u00e8s","og_description":"Vous \u00eates \u00e0 la recherche d\u2019un membre de votre famille, un ami ou un anc\u00eatre d\u00e9c\u00e9d\u00e9? Nous vous invitons \u00e0 utiliser cet outil Web afin d\u2019effectuer une recherche \u00e0 l\u2019aide des diff\u00e9rents crit\u00e8res disponibles.","og_url":"https:\/\/lessentiers.ca\/en\/registry-of-deceased-persons\/","og_site_name":"Les Sentiers","article_modified_time":"2021-11-03T23:02:48+00:00","og_image":[{"width":1200,"height":628,"url":"https:\/\/lessentiers.ca\/wp-content\/uploads\/2021\/10\/LesSentiers_ImagePartage_Facebook.jpg","type":"image\/jpeg"}],"twitter_card":"summary_large_image","schema":{"@context":"https:\/\/schema.org","@graph":[{"@type":"WebPage","@id":"https:\/\/lessentiers.ca\/en\/registry-of-deceased-persons\/","url":"https:\/\/lessentiers.ca\/en\/registry-of-deceased-persons\/","name":"Registre des d\u00e9funts | Avis de d\u00e9c\u00e8s","isPartOf":{"@id":"https:\/\/lessentiers.ca\/#website"},"datePublished":"2021-05-26T15:23:50+00:00","dateModified":"2021-11-03T23:02:48+00:00","description":"Vous \u00eates \u00e0 la recherche d\u2019un membre de votre famille, un ami ou un anc\u00eatre d\u00e9c\u00e9d\u00e9? Nous vous invitons \u00e0 utiliser cet outil Web afin d\u2019effectuer une recherche \u00e0 l\u2019aide des diff\u00e9rents crit\u00e8res disponibles.","breadcrumb":{"@id":"https:\/\/lessentiers.ca\/en\/registry-of-deceased-persons\/#breadcrumb"},"inLanguage":"en-US","potentialAction":[{"@type":"ReadAction","target":["https:\/\/lessentiers.ca\/en\/registry-of-deceased-persons\/"]}]},{"@type":"BreadcrumbList","@id":"https:\/\/lessentiers.ca\/en\/registry-of-deceased-persons\/#breadcrumb","itemListElement":[{"@type":"ListItem","position":1,"name":"Accueil","item":"https:\/\/lessentiers.ca\/en\/"},{"@type":"ListItem","position":2,"name":"Registry of deceased persons"}]},{"@type":"WebSite","@id":"https:\/\/lessentiers.ca\/#website","url":"https:\/\/lessentiers.ca\/","name":"Les Sentiers","description":"","publisher":{"@id":"https:\/\/lessentiers.ca\/#organization"},"potentialAction":[{"@type":"SearchAction","target":{"@type":"EntryPoint","urlTemplate":"https:\/\/lessentiers.ca\/?s={search_term_string}"},"query-input":{"@type":"PropertyValueSpecification","valueRequired":true,"valueName":"search_term_string"}}],"inLanguage":"en-US"},{"@type":"Organization","@id":"https:\/\/lessentiers.ca\/#organization","name":"Les Sentiers","url":"https:\/\/lessentiers.ca\/","logo":{"@type":"ImageObject","inLanguage":"en-US","@id":"https:\/\/lessentiers.ca\/#\/schema\/logo\/image\/","url":"https:\/\/lessentiers.ca\/wp-content\/uploads\/2021\/05\/Les-Sentiers-logo-1.svg","contentUrl":"https:\/\/lessentiers.ca\/wp-content\/uploads\/2021\/05\/Les-Sentiers-logo-1.svg","width":319,"height":208,"caption":"Les Sentiers"},"image":{"@id":"https:\/\/lessentiers.ca\/#\/schema\/logo\/image\/"}}]}},"_links":{"self":[{"href":"https:\/\/lessentiers.ca\/en\/wp-json\/wp\/v2\/pages\/4311","targetHints":{"allow":["GET"]}}],"collection":[{"href":"https:\/\/lessentiers.ca\/en\/wp-json\/wp\/v2\/pages"}],"about":[{"href":"https:\/\/lessentiers.ca\/en\/wp-json\/wp\/v2\/types\/page"}],"author":[{"embeddable":true,"href":"https:\/\/lessentiers.ca\/en\/wp-json\/wp\/v2\/users\/2"}],"replies":[{"embeddable":true,"href":"https:\/\/lessentiers.ca\/en\/wp-json\/wp\/v2\/comments?post=4311"}],"version-history":[{"count":1,"href":"https:\/\/lessentiers.ca\/en\/wp-json\/wp\/v2\/pages\/4311\/revisions"}],"predecessor-version":[{"id":4312,"href":"https:\/\/lessentiers.ca\/en\/wp-json\/wp\/v2\/pages\/4311\/revisions\/4312"}],"wp:attachment":[{"href":"https:\/\/lessentiers.ca\/en\/wp-json\/wp\/v2\/media?parent=4311"}],"curies":[{"name":"wp","href":"https:\/\/api.w.org\/{rel}","templated":true}]}}